{"id":40,"date":"2025-08-26T16:19:03","date_gmt":"2025-08-26T16:19:03","guid":{"rendered":"https:\/\/crpiedense.pt\/Inicio\/home\/"},"modified":"2026-01-23T09:28:06","modified_gmt":"2026-01-23T09:28:06","slug":"home","status":"publish","type":"page","link":"https:\/\/crpiedense.pt\/Inicio\/","title":{"rendered":"Home"},"content":{"rendered":"\n\n\n\nA nossa Hist\u00f3ria\n\n\n<h2 [object NamedNodeMap]>Ao servi\u00e7o desde<br>4 de mar\u00e7o de 1928<\/h2>\n\n\nO Clube Recreativo Piedense nasceu a 4 de mar\u00e7o de 1928 da vontade de um grupo de homens em encontrar um local para juntar as fam\u00edlias para se divertirem. Assim, num armaz\u00e9m (\u201ctercena\u201d) cedido pela Sociedade Industrial Alian\u00e7a, realizou-se o primeiro baile de Entrudo. Este espa\u00e7o que passou a ser a sede da coletividade, foi atingido por um inc\u00eandio a 3 de mar\u00e7o de 1931, tendo, na sequ\u00eancia, sido decidido em Assembleia Geral a aquisi\u00e7\u00e3o de um terreno para a constru\u00e7\u00e3o da nova sede que foi inaugurada em 21 de agosto de 1932, onde existiu uma esplanada com ecr\u00e3 panor\u00e2mico para proje\u00e7\u00e3o de cinema e onde funcionam atualmente as instala\u00e7\u00f5es desportivas.\n\n\n\n\n\n<p>Lorem Ipsum has been the industry&#8217;s standard dummy text ever since the 1500s.<\/p>\n\n\n\n\n\n\n<h2>Seja associado do Clube Recreativo Piedense!<\/h2>\n\n\n\n\n\n<h2>Fazer parte do Clube Recreativo Piedense \u00e9 mais do que apoiar um clube \u2014 \u00e9 viver a hist\u00f3ria, o esp\u00edrito de comunidade e o orgulho de ser piedense.<\/h2>\n\n\n<h2>Ao tornar-se associado, ter\u00e1 acesso a:<\/h2>\n\n\n\nParticipa\u00e7\u00e3o ativa na vida do clube\n\n\nVantagens exclusivas em atividades, eventos e servi\u00e7os\n\n\nUtiliza\u00e7\u00e3o dos espa\u00e7os sociais e desportivos\n\n\nOportunidade de apoiar o crescimento do desporto, da cultura e da comunidade local\n\n\n\n\n\n\n\n\n\n\n\n\n\n\n\n\n\n\n\n\n<h1>Informa\u00e7\u00f5es<\/h1>\n\n\n\n<h2>Principais Modalidades<\/h2>\n\n\n\n\n\n\n<p><br><\/p>\n\n\n\n<p><br><\/p>\n\n\n<p><br><\/p>\n\n\n\n\n\nServi\u00e7os\n\n\n<h2>No CRP, o espa\u00e7o \u00e9 teu!<\/h2>\n\n\n<h2> Queres organizar uma festa de anivers\u00e1rio, um conv\u00edvio com amigos ou simplesmente um jogo de futsal cheio de energia? O Clube Recreativo Piedense tem o que precisas!<\/h2>\n\n\n<p>Aqui, combinamos espa\u00e7o, divers\u00e3o e esp\u00edrito de comunidade para que cada momento seja especial.<\/p>\n\n\n<p>Reserva j\u00e1 e cria mem\u00f3rias que v\u00e3o ficar para sempre!<\/p><h2><\/h2>\n\n\n\n\nDiverte-te com os teus amigos em jogos inesquec\u00edveis\n\n\nAnima\u00e7\u00e3o, desporto e momentos \u00fanicos para todas as idades\n\n\nUm espa\u00e7o acolhedor para celebrar \u00e0 tua maneira\n\n\n\n\nUm espa\u00e7o acolhedor para conviver com amigos e fam\u00edlia\n\n\nO bar com petiscos, bebidas e boa disposi\u00e7\u00e3o\n\n\nPerfeita para momentos de partilha, lazer e encontro da comunidade\n\n\n\n\n\n\nTestemunhos\n\n\nO que dizem os Associados\n\n\n\n\n\n\n\n\u201cSer s\u00f3cio do Piedense \u00e9 continuar a tradi\u00e7\u00e3o da minha fam\u00edlia e ajudar a dar futuro ao clube que tanto nos orgulha.\u201d\n\n\n\n\n\n\u201cSinto-me em casa. No Piedense n\u00e3o somos apenas s\u00f3cios, somos fam\u00edlia.\u201d\n\n\n\n","protected":false},"excerpt":{"rendered":"","protected":false},"author":1,"featured_media":0,"parent":0,"menu_order":0,"comment_status":"closed","ping_status":"closed","template":"","meta":{"pagelayer_contact_templates":[],"_pagelayer_content":"","_uag_custom_page_level_css":"","footnotes":""},"class_list":["post-40","page","type-page","status-publish","hentry"],"uagb_featured_image_src":{"full":false,"thumbnail":false,"medium":false,"medium_large":false,"large":false,"1536x1536":false,"2048x2048":false,"mailpoet_newsletter_max":false,"woocommerce_thumbnail":false,"woocommerce_single":false,"woocommerce_gallery_thumbnail":false},"uagb_author_info":{"display_name":"admin","author_link":"https:\/\/crpiedense.pt\/Inicio\/author\/admin\/"},"uagb_comment_info":0,"uagb_excerpt":null,"jetpack_sharing_enabled":true,"jetpack-related-posts":[],"_links":{"self":[{"href":"https:\/\/crpiedense.pt\/Inicio\/wp-json\/wp\/v2\/pages\/40","targetHints":{"allow":["GET"]}}],"collection":[{"href":"https:\/\/crpiedense.pt\/Inicio\/wp-json\/wp\/v2\/pages"}],"about":[{"href":"https:\/\/crpiedense.pt\/Inicio\/wp-json\/wp\/v2\/types\/page"}],"author":[{"embeddable":true,"href":"https:\/\/crpiedense.pt\/Inicio\/wp-json\/wp\/v2\/users\/1"}],"replies":[{"embeddable":true,"href":"https:\/\/crpiedense.pt\/Inicio\/wp-json\/wp\/v2\/comments?post=40"}],"version-history":[{"count":34,"href":"https:\/\/crpiedense.pt\/Inicio\/wp-json\/wp\/v2\/pages\/40\/revisions"}],"predecessor-version":[{"id":651,"href":"https:\/\/crpiedense.pt\/Inicio\/wp-json\/wp\/v2\/pages\/40\/revisions\/651"}],"wp:attachment":[{"href":"https:\/\/crpiedense.pt\/Inicio\/wp-json\/wp\/v2\/media?parent=40"}],"curies":[{"name":"wp","href":"https:\/\/api.w.org\/{rel}","templated":true}]}}