{"id":386,"date":"2025-08-27T18:24:31","date_gmt":"2025-08-27T18:24:31","guid":{"rendered":"https:\/\/crpiedense.pt\/Inicio\/?page_id=386"},"modified":"2025-08-27T18:40:27","modified_gmt":"2025-08-27T18:40:27","slug":"pilates-e-yoga","status":"publish","type":"page","link":"https:\/\/crpiedense.pt\/Inicio\/pilates-e-yoga\/","title":{"rendered":"Pilates e Yoga"},"content":{"rendered":"\n\n\n\n\n<h2>Equil\u00edbrio, energia e bem-estar no CRP!<\/h2>\n<h2>Se procuras cuidar do corpo e da mente, o Pilates e o Yoga s\u00e3o a escolha perfeita.<\/h2><h2>No Clube Recreativo Piedense encontras:<\/h2>\n\nAulas orientadas por instrutores qualificados\nMelhoria da postura, flexibilidade e for\u00e7a\nRedu\u00e7\u00e3o do stress e aumento da energia\nUm espa\u00e7o acolhedor e relaxante\n\n\n\n\n<p>Lorem Ipsum has been the industry&#8217;s standard dummy text ever since the 1500s.<\/p>\n\n\n\n\n\n\n\n\nPre\u00e7\u00e1rio 25\/26\n\n\n\n\n\n\n\n\nPilates &#8211; 25\u20ac\nHatha Yoga &#8211; 60\u20ac\n\n\n\n\n\n\n\nPara a pr\u00e1tica de qualquer modalidade \u00e9 obrigat\u00f3ria a inscri\u00e7\u00e3o como s\u00f3cio e o pagamento da respectiva quota; caso o atleta seja menor, o Encarregado de Educa\u00e7\u00e3o dever\u00e1 inscrever-se como socio.\n\n\nCalend\u00e1rio de Treinos 25\/26\n\n\n\n\n\n\n\n2.\u00aa feira\n3.\u00aa feira\n4.\u00aa feira\n5.\u00aa feira\n6.\u00aa feira\n\n\nHatha Yoga<br>09:30-11:00\nPilates<br>18:30-20:00\n<br>\n<div>Pilates<\/div><div>18:30-20:00<\/div>\nHatha Yoga<br>09:30-11:00\n\n\n\n\n","protected":false},"excerpt":{"rendered":"","protected":false},"author":2,"featured_media":0,"parent":0,"menu_order":0,"comment_status":"closed","ping_status":"closed","template":"","meta":{"pagelayer_contact_templates":[],"_pagelayer_content":"","_uag_custom_page_level_css":"","footnotes":""},"class_list":["post-386","page","type-page","status-publish","hentry"],"uagb_featured_image_src":{"full":false,"thumbnail":false,"medium":false,"medium_large":false,"large":false,"1536x1536":false,"2048x2048":false,"mailpoet_newsletter_max":false,"woocommerce_thumbnail":false,"woocommerce_single":false,"woocommerce_gallery_thumbnail":false},"uagb_author_info":{"display_name":"Daniel Gon&ccedil;alo Almas Da Mata","author_link":"https:\/\/crpiedense.pt\/Inicio\/author\/damata\/"},"uagb_comment_info":0,"uagb_excerpt":null,"jetpack_sharing_enabled":true,"jetpack-related-posts":[],"_links":{"self":[{"href":"https:\/\/crpiedense.pt\/Inicio\/wp-json\/wp\/v2\/pages\/386","targetHints":{"allow":["GET"]}}],"collection":[{"href":"https:\/\/crpiedense.pt\/Inicio\/wp-json\/wp\/v2\/pages"}],"about":[{"href":"https:\/\/crpiedense.pt\/Inicio\/wp-json\/wp\/v2\/types\/page"}],"author":[{"embeddable":true,"href":"https:\/\/crpiedense.pt\/Inicio\/wp-json\/wp\/v2\/users\/2"}],"replies":[{"embeddable":true,"href":"https:\/\/crpiedense.pt\/Inicio\/wp-json\/wp\/v2\/comments?post=386"}],"version-history":[{"count":6,"href":"https:\/\/crpiedense.pt\/Inicio\/wp-json\/wp\/v2\/pages\/386\/revisions"}],"predecessor-version":[{"id":393,"href":"https:\/\/crpiedense.pt\/Inicio\/wp-json\/wp\/v2\/pages\/386\/revisions\/393"}],"wp:attachment":[{"href":"https:\/\/crpiedense.pt\/Inicio\/wp-json\/wp\/v2\/media?parent=386"}],"curies":[{"name":"wp","href":"https:\/\/api.w.org\/{rel}","templated":true}]}}