{"id":38,"date":"2025-08-26T16:19:03","date_gmt":"2025-08-26T16:19:03","guid":{"rendered":"https:\/\/crpiedense.pt\/Inicio\/classes\/"},"modified":"2025-08-27T19:14:21","modified_gmt":"2025-08-27T19:14:21","slug":"classes","status":"publish","type":"page","link":"https:\/\/crpiedense.pt\/Inicio\/classes\/","title":{"rendered":"Classes"},"content":{"rendered":"\n\n\n\nInscri\u00e7\u00f5es abertas!\n\n\nFaz parte da fam\u00edlia do CRP!\n\n\n<h2> No CR Piedense, acreditamos que o desporto \u00e9 muito mais do que competi\u00e7\u00e3o \u2014 \u00e9 sa\u00fade, amizade, supera\u00e7\u00e3o e alegria! Seja para melhorar a tua condi\u00e7\u00e3o f\u00edsica, aprender uma nova modalidade ou simplesmente conviver num ambiente saud\u00e1vel e motivador, temos o espa\u00e7o ideal para ti.<\/h2>\n\n\n\nModalidades para todas as idades\n\n\nTreinos din\u00e2micos e divertidos\n\n\nUm ambiente familiar e de proximidade\n\n\nO esp\u00edrito de equipa que nos une desde sempre\n\n\n\n\n<p>Lorem Ipsum has been the industry&#8217;s standard dummy text ever since the 1500s.<\/p>\n\nN\u00e3o fiques de fora!\n<br>Descobre a energia do desporto no CRP\n\n\n\n\n\n\n<h2>Modalidades<\/h2>\n\n\n\n\n\n<p><br><\/p>\n<p><br><\/p>\n<p><br><\/p>\n\n\n<p><br><\/p>\n<p><br><\/p>\n\n\n\n<p><br><\/p>\n\n\n\n\n\n<h2>Pricing Plan<br><\/h2>\n\n\n<h2>Find One Best for you<\/h2>\n\n\n\n\n\n\n\nEquipamento de treino e jogo\n\n\nFato de treino\n\n\nPolo\n\n\nMochila\n\n\n\n\n\n\nFato de treino\n\n\nPolo\n\n\nSweatshirt\n\n\nTop, cal\u00e7\u00f5es e leggings\n\n\nMochila\n\n\n\n\n\n\nCachecol\n\n\nCamisola de Jogo\n\n\n\n\n\n\n\nServi\u00e7os\n\n<h2>No CRP, o espa\u00e7o \u00e9 teu!<\/h2>\n<h2> Queres organizar uma festa de anivers\u00e1rio, um conv\u00edvio com amigos ou simplesmente um jogo de futsal cheio de energia? O Clube Recreativo Piedense tem o que precisas!<\/h2>\n<p>Aqui, combinamos espa\u00e7o, divers\u00e3o e esp\u00edrito de comunidade para que cada momento seja especial.<\/p>\n<p>Reserva j\u00e1 e cria mem\u00f3rias que v\u00e3o ficar para sempre!<\/p><h2><\/h2>\n\n\nDiverte-te com os teus amigos em jogos inesquec\u00edveis\nAnima\u00e7\u00e3o, desporto e momentos \u00fanicos para todas as idades\nUm espa\u00e7o acolhedor para celebrar \u00e0 tua maneira\n\n\nUm espa\u00e7o acolhedor para conviver com amigos e fam\u00edlia\nO bar com petiscos, bebidas e boa disposi\u00e7\u00e3o\nPerfeita para momentos de partilha, lazer e encontro da comunidade\n\n\n","protected":false},"excerpt":{"rendered":"","protected":false},"author":1,"featured_media":0,"parent":0,"menu_order":0,"comment_status":"closed","ping_status":"closed","template":"","meta":{"pagelayer_contact_templates":[],"_pagelayer_content":"","_uag_custom_page_level_css":"","footnotes":""},"class_list":["post-38","page","type-page","status-publish","hentry"],"uagb_featured_image_src":{"full":false,"thumbnail":false,"medium":false,"medium_large":false,"large":false,"1536x1536":false,"2048x2048":false,"mailpoet_newsletter_max":false,"woocommerce_thumbnail":false,"woocommerce_single":false,"woocommerce_gallery_thumbnail":false},"uagb_author_info":{"display_name":"admin","author_link":"https:\/\/crpiedense.pt\/Inicio\/author\/admin\/"},"uagb_comment_info":0,"uagb_excerpt":null,"jetpack_sharing_enabled":true,"jetpack-related-posts":[],"_links":{"self":[{"href":"https:\/\/crpiedense.pt\/Inicio\/wp-json\/wp\/v2\/pages\/38","targetHints":{"allow":["GET"]}}],"collection":[{"href":"https:\/\/crpiedense.pt\/Inicio\/wp-json\/wp\/v2\/pages"}],"about":[{"href":"https:\/\/crpiedense.pt\/Inicio\/wp-json\/wp\/v2\/types\/page"}],"author":[{"embeddable":true,"href":"https:\/\/crpiedense.pt\/Inicio\/wp-json\/wp\/v2\/users\/1"}],"replies":[{"embeddable":true,"href":"https:\/\/crpiedense.pt\/Inicio\/wp-json\/wp\/v2\/comments?post=38"}],"version-history":[{"count":44,"href":"https:\/\/crpiedense.pt\/Inicio\/wp-json\/wp\/v2\/pages\/38\/revisions"}],"predecessor-version":[{"id":412,"href":"https:\/\/crpiedense.pt\/Inicio\/wp-json\/wp\/v2\/pages\/38\/revisions\/412"}],"wp:attachment":[{"href":"https:\/\/crpiedense.pt\/Inicio\/wp-json\/wp\/v2\/media?parent=38"}],"curies":[{"name":"wp","href":"https:\/\/api.w.org\/{rel}","templated":true}]}}