{"id":370,"date":"2025-08-27T17:59:53","date_gmt":"2025-08-27T17:59:53","guid":{"rendered":"https:\/\/crpiedense.pt\/Inicio\/?page_id=370"},"modified":"2025-08-27T18:12:21","modified_gmt":"2025-08-27T18:12:21","slug":"karate-2","status":"publish","type":"page","link":"https:\/\/crpiedense.pt\/Inicio\/karate-2\/","title":{"rendered":"Karat\u00e9"},"content":{"rendered":"\n\n\n\n\n<h2>For\u00e7a, disciplina e equil\u00edbrio no Karat\u00e9 Shotokai do CRP!<\/h2>\n<h2>O Karat\u00e9 Shotokai \u00e9 muito mais do que um desporto \u2014 \u00e9 uma arte marcial que desenvolve o corpo e a mente.<\/h2><h2>No Clube Recreativo Piedense vais encontrar:<\/h2>\n\nTreinos para todas as idades e n\u00edveis\nMelhoria da concentra\u00e7\u00e3o, autoconfian\u00e7a e autocontrolo\nCondi\u00e7\u00e3o f\u00edsica, coordena\u00e7\u00e3o e bem-estar\nUm ambiente de respeito, amizade e supera\u00e7\u00e3o\n\n\n\n\n<p>Lorem Ipsum has been the industry&#8217;s standard dummy text ever since the 1500s.<\/p>\n\n\n\n\n\n\n\n\nPre\u00e7\u00e1rio 25\/26\n\n\n\n\n\n\n\n\nForma\u00e7\u00e3o\nShotokai Karate Do\n\n\n\n\n\n\n\nPara a pr\u00e1tica de qualquer modalidade \u00e9 obrigat\u00f3ria a inscri\u00e7\u00e3o como s\u00f3cio e o pagamento da respectiva quota; caso o atleta seja menor, o Encarregado de Educa\u00e7\u00e3o dever\u00e1 inscrever-se como socio.\n\n\nCalend\u00e1rio de Treinos 25\/26\n\n\n\n\n\n\n\n2.\u00aa feira\n3.\u00aa feira\n4.\u00aa feira\n5.\u00aa feira\n6.\u00aa feira\n\n\nForma\u00e7\u00e3o<br>e<br>Shotokai Karate Do<br>18:30-20:00\nShotokai Karate Do<br>19:30-21:00\nForma\u00e7\u00e3o<br>e<br>Shotokai Karate Do<br>18:30-20:00\nShotokai Karate Do<br>19:30-21:00\nForma\u00e7\u00e3o<br>e<br>Shotokai Karate Do<br>18:30-20:00\n\n\n\n\n","protected":false},"excerpt":{"rendered":"","protected":false},"author":2,"featured_media":0,"parent":0,"menu_order":0,"comment_status":"closed","ping_status":"closed","template":"","meta":{"pagelayer_contact_templates":[],"_pagelayer_content":"","_uag_custom_page_level_css":"","footnotes":""},"class_list":["post-370","page","type-page","status-publish","hentry"],"uagb_featured_image_src":{"full":false,"thumbnail":false,"medium":false,"medium_large":false,"large":false,"1536x1536":false,"2048x2048":false,"mailpoet_newsletter_max":false,"woocommerce_thumbnail":false,"woocommerce_single":false,"woocommerce_gallery_thumbnail":false},"uagb_author_info":{"display_name":"Daniel Gon&ccedil;alo Almas Da Mata","author_link":"https:\/\/crpiedense.pt\/Inicio\/author\/damata\/"},"uagb_comment_info":0,"uagb_excerpt":null,"jetpack_sharing_enabled":true,"jetpack-related-posts":[],"_links":{"self":[{"href":"https:\/\/crpiedense.pt\/Inicio\/wp-json\/wp\/v2\/pages\/370","targetHints":{"allow":["GET"]}}],"collection":[{"href":"https:\/\/crpiedense.pt\/Inicio\/wp-json\/wp\/v2\/pages"}],"about":[{"href":"https:\/\/crpiedense.pt\/Inicio\/wp-json\/wp\/v2\/types\/page"}],"author":[{"embeddable":true,"href":"https:\/\/crpiedense.pt\/Inicio\/wp-json\/wp\/v2\/users\/2"}],"replies":[{"embeddable":true,"href":"https:\/\/crpiedense.pt\/Inicio\/wp-json\/wp\/v2\/comments?post=370"}],"version-history":[{"count":6,"href":"https:\/\/crpiedense.pt\/Inicio\/wp-json\/wp\/v2\/pages\/370\/revisions"}],"predecessor-version":[{"id":377,"href":"https:\/\/crpiedense.pt\/Inicio\/wp-json\/wp\/v2\/pages\/370\/revisions\/377"}],"wp:attachment":[{"href":"https:\/\/crpiedense.pt\/Inicio\/wp-json\/wp\/v2\/media?parent=370"}],"curies":[{"name":"wp","href":"https:\/\/api.w.org\/{rel}","templated":true}]}}