{"id":37,"date":"2025-08-26T16:19:03","date_gmt":"2025-08-26T16:19:03","guid":{"rendered":"https:\/\/crpiedense.pt\/Inicio\/about\/"},"modified":"2026-04-21T21:35:49","modified_gmt":"2026-04-21T21:35:49","slug":"about","status":"publish","type":"page","link":"https:\/\/crpiedense.pt\/Inicio\/about\/","title":{"rendered":"Sobre N\u00f3s"},"content":{"rendered":"\n\n\n\n\n\n<h2>A nossa Hist\u00f3ria<\/h2>\n\n\n<h2>Clube Recreativo Piedense<\/h2>\n\n\n<h2>O Clube Recreativo Piedense nasceu a 4 de mar\u00e7o de 1928 da vontade de um grupo de homens em encontrar um local para juntar as fam\u00edlias para se divertirem. Assim, num armaz\u00e9m (\u201ctercena\u201d) cedido pela Sociedade Industrial Alian\u00e7a, realizou-se o primeiro baile de Entrudo. Este espa\u00e7o que passou a ser a sede da coletividade, foi atingido por um inc\u00eandio a 3 de mar\u00e7o de 1931, tendo, na sequ\u00eancia, sido decidido em Assembleia Geral a aquisi\u00e7\u00e3o de um terreno para a constru\u00e7\u00e3o da nova sede que foi inaugurada em 21 de agosto de 1932, onde existiu uma esplanada com ecr\u00e3 panor\u00e2mico para proje\u00e7\u00e3o de cinema e onde funcionam atualmente as instala\u00e7\u00f5es desportivas.<br>O associativismo e a vontade de oferecer cultura, estavam na g\u00e9nese do Clube e dos seus Fundadores e assim surge o \u201cCinema do Clube\u201d, onde a 18 e 19 de mar\u00e7o de 1933, foi projetado o primeiro filme sonoro, sendo na altura o \u00fanico cinema na freguesia da Cova da Piedade. A crise financeira aliada \u00e0 crise na ind\u00fastria cinematogr\u00e1fica, levou a degrada\u00e7\u00e3o da sala de cinema, acabando por encerrar.<br>Em paralelo o clube desenvolvia atividades desportivas, nomeadamente, Gin\u00e1stica, Dan\u00e7as de Sal\u00e3o, Artes Marciais, Futebol de Sal\u00e3o. Na d\u00e9cada de setenta \u00e9 constru\u00eddo o Pavilh\u00e3o Gimnodesportivo, e em 1993, com o apoio da C\u00e2mara Municipal de Almada foi criado o Centro de Treino de Alto Rendimento para a Gin\u00e1stica R\u00edtmica (constru\u00eddo na antiga sala de cinema).<br>O Clube Recreativo Piedense nos seus primeiros 40 anos dedicou-se \u00e0 proje\u00e7\u00e3o de cinema e atividades recreativas, nos 20 anos seguintes desenvolveram-se simultaneamente as atividades desportivas \u00e0s quais se dedica at\u00e9 \u00e0 atualidade.<\/h2>\n\n\n\n<p>Lorem Ipsum has been the industry&#8217;s standard dummy text ever since the 1500s.<\/p>\n\n\n\n\n\n\n<strong>+<\/strong>\n\n\n+\n\n\n\n\n\n\n\n+\n\n\n+\n\n\nRelat\u00f3rio de Contas 2024\nRelat\u00f3rio de Contas 2023\nRelat\u00f3rio de Contas 2022\n\n\n\n\n\n\n\n+\n\n\n+\n\n\n\n\n\n\n<h2>\u00d3rg\u00e3os Sociais<\/h2>\n\n\n\n\n\n\n\n\n<h2>Parceiros<\/h2>\n<h2>Os nossos Parceiros<\/h2>\n\n\n\n","protected":false},"excerpt":{"rendered":"","protected":false},"author":1,"featured_media":0,"parent":0,"menu_order":0,"comment_status":"closed","ping_status":"closed","template":"","meta":{"pagelayer_contact_templates":[],"_pagelayer_content":"","_uag_custom_page_level_css":"","footnotes":""},"class_list":["post-37","page","type-page","status-publish","hentry"],"uagb_featured_image_src":{"full":false,"thumbnail":false,"medium":false,"medium_large":false,"large":false,"1536x1536":false,"2048x2048":false,"mailpoet_newsletter_max":false,"woocommerce_thumbnail":false,"woocommerce_single":false,"woocommerce_gallery_thumbnail":false},"uagb_author_info":{"display_name":"admin","author_link":"https:\/\/crpiedense.pt\/Inicio\/author\/admin\/"},"uagb_comment_info":0,"uagb_excerpt":null,"jetpack_sharing_enabled":true,"jetpack-related-posts":[],"_links":{"self":[{"href":"https:\/\/crpiedense.pt\/Inicio\/wp-json\/wp\/v2\/pages\/37","targetHints":{"allow":["GET"]}}],"collection":[{"href":"https:\/\/crpiedense.pt\/Inicio\/wp-json\/wp\/v2\/pages"}],"about":[{"href":"https:\/\/crpiedense.pt\/Inicio\/wp-json\/wp\/v2\/types\/page"}],"author":[{"embeddable":true,"href":"https:\/\/crpiedense.pt\/Inicio\/wp-json\/wp\/v2\/users\/1"}],"replies":[{"embeddable":true,"href":"https:\/\/crpiedense.pt\/Inicio\/wp-json\/wp\/v2\/comments?post=37"}],"version-history":[{"count":112,"href":"https:\/\/crpiedense.pt\/Inicio\/wp-json\/wp\/v2\/pages\/37\/revisions"}],"predecessor-version":[{"id":906,"href":"https:\/\/crpiedense.pt\/Inicio\/wp-json\/wp\/v2\/pages\/37\/revisions\/906"}],"wp:attachment":[{"href":"https:\/\/crpiedense.pt\/Inicio\/wp-json\/wp\/v2\/media?parent=37"}],"curies":[{"name":"wp","href":"https:\/\/api.w.org\/{rel}","templated":true}]}}