{"id":250,"date":"2025-08-27T12:49:58","date_gmt":"2025-08-27T12:49:58","guid":{"rendered":"https:\/\/crpiedense.pt\/Inicio\/?page_id=250"},"modified":"2026-03-05T15:01:24","modified_gmt":"2026-03-05T15:01:24","slug":"futsal-2","status":"publish","type":"page","link":"https:\/\/crpiedense.pt\/Inicio\/futsal-2\/","title":{"rendered":"Futsal"},"content":{"rendered":"\n\n\n\n\n<h2><strong>Vem jogar Futsal no Clube Recreativo Piedense!<\/strong><\/h2>\n\n<h2>Se gostas de desporto, de esp\u00edrito de equipa e de muita emo\u00e7\u00e3o, o futsal \u00e9 para ti!<br>No Clube Recreativo Piedense, encontrar\u00e1s:<\/h2>\n\n\n\nTreinos orientados por treinadores qualificados\n\n\nAmbiente saud\u00e1vel, divertido e de amizade\n\n\nOportunidade de crescer como atleta e como pessoa\n\n\nCompeti\u00e7\u00f5es empolgantes e inesquec\u00edveis\n\n\n<h2>Manual de Acolhimento e Boas Pr\u00e1ticas<\/h2>\n\n\n\n<p>Lorem Ipsum has been the industry&#8217;s standard dummy text ever since the 1500s.<\/p>\n<p>Miss\u00e3o<\/p>\n<p><span style=\"font-family: &quot;Noto Sans Bamum&quot;;\">A miss\u00e3o do Clube Recreativo Piedense enquanto Clube de Utilidade P\u00fablica Desportiva \u00e9<\/span><\/p><p>proporcionar a todos os seus praticantes um ensino do Futsal cont\u00ednuo, consistente e<\/p><p>sustentado, sempre com bases nos valores e princ\u00edpios que nos caracterizam. Para al\u00e9m do<\/p><p>ensino do Futsal, dar a oportunidade a todas as crian\u00e7as em idade de forma\u00e7\u00e3o de praticarem<\/p><p>atividade f\u00edsica e de se inserirem num grupo social, contribuindo dessa forma para o seu<\/p><p>desenvolvimento multilateral (f\u00edsico, emocional e social).&nbsp;<\/p>\n<p>Vis\u00e3o<\/p>\n<p>Pretendemos criar uma forte base de forma\u00e7\u00e3o procurando sempre ser uma refer\u00eancia da<\/p><p>modalidade no distrito de Set\u00fabal na modalidade de Futsal.&nbsp;<\/p>\n<p>Objetivos<\/p>\n<p>Desenvolver um trabalho em equipa, sustentado, organizado e orientado para conseguir\ncontribuir para os seguintes prop\u00f3sitos:\n<br>\u2022 Desenvolver as diferentes capacidades individuais de todos os atletas tais como a sua\nt\u00e9cnica, desenvolvimento f\u00edsico-motor e psicol\u00f3gico.\n<br>\u2022 Desenvolver o gosto pelo treino, pela modalidade e pelo clube promovendo treinos\ndiversificados, qualitativos, atrativos e l\u00fadicos.\n<br>\u2022 Incutir os princ\u00edpios e valores essenciais para o desenvolvimento de um bom cidad\u00e3o e para\numa boa inclus\u00e3o em qualquer grupo ou equipa.\n<br>\u2022 Promover as regras do fair-play e da \u00e9tica desportiva. De forma a desenvolver atributos\nsociais de cordialidade com colegas de equipa e advers\u00e1rios. \n<\/p>\n\n\n\n\n\n\n\n\n\n\nPre\u00e7\u00e1rio 25\/26\n\n\n\nPetizes (2019 &#8211; 2020)\nTraquinas (2017 &#8211; 2018)\nBenjamins (2015 &#8211; 2016)\nInfantis (2013 &#8211; 2014)\nIniciados (2011 &#8211; 2012)\nJuvenis (2009 &#8211; 2010)\n\n\nEquipamento de treino e jogo\nFato de treino\nPolo\nMochila\n\n\n\n\nPetizes (2019 &#8211; 2020)\nTraquinas (2017 &#8211; 2018)\nBenjamins (2015 &#8211; 2016)\nInfantis (2013 &#8211; 2014)\nIniciados (2011 &#8211; 2012)\nJuvenis (2009 &#8211; 2010)\n\n\nEquipamento de treino e jogo\nFato de treino\nPolo\nMochila\n\n\n\n\nAcademia (2017 &#8211; 2020)\nBenjamins (2015 &#8211; 2016)\nInfantis (2013 &#8211; 2014)\nIniciados (2011 &#8211; 2012)\n<h3 style=\"color: #15811C; font-weight: 900;\">Juvenis (2009 &#8211; 2010) &#8211; 20\u20ac<\/h3>\n5\u20ac desconto familiar\n\n\nEquipamento de treino e jogo\nFato de treino\nPolo\n\n\n\nPara a pr\u00e1tica de qualquer modalidade \u00e9 obrigat\u00f3ria a inscri\u00e7\u00e3o como s\u00f3cio e o pagamento da respectiva quota. Caso o atleta seja menor, o Encarregado de Educa\u00e7\u00e3o dever\u00e1 inscrever-se como socio.\nCalend\u00e1rio de Treinos 25\/26\n\n\n\n\n<h3>Forma\u00e7\u00e3o<\/h3>\n\n\n2.\u00aa feira\n3.\u00aa feira\n4.\u00aa feira\n5.\u00aa feira\n6.\u00aa feira\n\n\nAcademia<br>18:00-19:15<br>(CRP)\nBenjamins Amarelos<br>18:00-19:15<br>(CRP)\nAcademia<br>18:00-19:15<br>(CRP)\nBenjamins Verdes<br>18:00-19:15<br>(CRP)\nBenjamins Amarelos<br>18:00-19:15<br>(CRP)\n\n\nInfantis Verdes<br>19:15-20:45<br>(CRP)\nBenjamins Verdes<br>19:15-20:30<br>(CRP)<br><br>Iniciados Amarelos<br>19:30-21:00<br>(Ant\u00f3nio da Costa)\nInfantis Amarelos<br>19:15-20:30<br>(CRP)\nInfantis Verdes<br>19:15-20:45<br>(CRP)<br><br>Iniciados Amarelos<br>19:30-21:00<br>(Ant\u00f3nio da Costa)\nInfantis Amarelos<br>19:15-20:30<br>(CRP)\n\n\n<br>\nIniciados Verdes<br>20:30-22:00<br>(CRP)\nIniciados<br>Verdes\/Amarelos<br>20:30-22:00<br>(CRP)\nIniciados Verdes<br>20:45-22:15<br>(CRP)\n<br>\n\n\n<h3>Competi\u00e7\u00e3o<\/h3>\n\n\n\n\n\n\n2.\u00aa feira\n3.\u00aa feira\n4.\u00aa feira\n5.\u00aa feira\n6.\u00aa feira\n\n\nJuvenis<br>20:45-22:15<br>(CRP)\nJuvenis<br>20:30-22:00<br>(Laranjeiro)\n<br>\nJuvenis<br>20:30-22:00<br>(Laranjeiro)\n<br>\n\n\nSeniores<br>22:00-23:30<br>(Laranjeiro)\nJuniores<br>22:00-23:30<br>(CRP)<br><br>Seniores<br>22:00-23:30<br>(Laranjeiro)\nJuniores<br>22:00-23:30<br>(Laranjeiro)\nSeniores<br>22:00-23:30<br>(Laranjeiro)\nJuniores<br>22:00-23:30<br>(Laranjeiro)\n\n\n\n\n","protected":false},"excerpt":{"rendered":"","protected":false},"author":2,"featured_media":0,"parent":0,"menu_order":0,"comment_status":"closed","ping_status":"closed","template":"","meta":{"pagelayer_contact_templates":[],"_pagelayer_content":"","_uag_custom_page_level_css":"","footnotes":""},"class_list":["post-250","page","type-page","status-publish","hentry"],"uagb_featured_image_src":{"full":false,"thumbnail":false,"medium":false,"medium_large":false,"large":false,"1536x1536":false,"2048x2048":false,"mailpoet_newsletter_max":false,"woocommerce_thumbnail":false,"woocommerce_single":false,"woocommerce_gallery_thumbnail":false},"uagb_author_info":{"display_name":"Daniel Gon&ccedil;alo Almas Da Mata","author_link":"https:\/\/crpiedense.pt\/Inicio\/author\/damata\/"},"uagb_comment_info":0,"uagb_excerpt":null,"jetpack_sharing_enabled":true,"jetpack-related-posts":[],"_links":{"self":[{"href":"https:\/\/crpiedense.pt\/Inicio\/wp-json\/wp\/v2\/pages\/250","targetHints":{"allow":["GET"]}}],"collection":[{"href":"https:\/\/crpiedense.pt\/Inicio\/wp-json\/wp\/v2\/pages"}],"about":[{"href":"https:\/\/crpiedense.pt\/Inicio\/wp-json\/wp\/v2\/types\/page"}],"author":[{"embeddable":true,"href":"https:\/\/crpiedense.pt\/Inicio\/wp-json\/wp\/v2\/users\/2"}],"replies":[{"embeddable":true,"href":"https:\/\/crpiedense.pt\/Inicio\/wp-json\/wp\/v2\/comments?post=250"}],"version-history":[{"count":74,"href":"https:\/\/crpiedense.pt\/Inicio\/wp-json\/wp\/v2\/pages\/250\/revisions"}],"predecessor-version":[{"id":662,"href":"https:\/\/crpiedense.pt\/Inicio\/wp-json\/wp\/v2\/pages\/250\/revisions\/662"}],"wp:attachment":[{"href":"https:\/\/crpiedense.pt\/Inicio\/wp-json\/wp\/v2\/media?parent=250"}],"curies":[{"name":"wp","href":"https:\/\/api.w.org\/{rel}","templated":true}]}}